{"id":857,"date":"2024-08-14T08:14:12","date_gmt":"2024-08-14T06:14:12","guid":{"rendered":"http:\/\/www.ligotamala.archidiecezja.wroc.pl\/?page_id=857"},"modified":"2024-11-08T08:57:53","modified_gmt":"2024-11-08T07:57:53","slug":"ochrona-dzieci-i-mlodziezy","status":"publish","type":"page","link":"http:\/\/www.ligotamala.archidiecezja.wroc.pl\/index.php\/ochrona-dzieci-i-mlodziezy\/","title":{"rendered":"Ochrona dzieci i m\u0142odzie\u017cy"},"content":{"rendered":"<p><a href=\"http:\/\/www.ligotamala.archidiecezja.wroc.pl\/wp-content\/uploads\/2024\/08\/instrukcja_ochrona_dzieci_mlodziezy.pdf\">Instrukcja_ochrona_dzieci_m\u0142odzie\u017cy<\/a><\/p>\n<p><a href=\"http:\/\/www.ligotamala.archidiecezja.wroc.pl\/wp-content\/uploads\/2024\/11\/standardy_ochrony_maloletnich-poprawione-lig-mala.pdf\" target=\"_blank\" rel=\"noopener\">Standardy ochrony maloletnich Ligota Ma\u0142a<\/a><\/p>\n\n\n<p><\/p>\n","protected":false},"excerpt":{"rendered":"<p>Instrukcja_ochrona_dzieci_m\u0142odzie\u017cy Standardy ochrony maloletnich Ligota Ma\u0142a<\/p>\n","protected":false},"author":123457,"featured_media":0,"parent":0,"menu_order":0,"comment_status":"closed","ping_status":"closed","template":"","meta":[],"_links":{"self":[{"href":"http:\/\/www.ligotamala.archidiecezja.wroc.pl\/index.php\/wp-json\/wp\/v2\/pages\/857"}],"collection":[{"href":"http:\/\/www.ligotamala.archidiecezja.wroc.pl\/index.php\/wp-json\/wp\/v2\/pages"}],"about":[{"href":"http:\/\/www.ligotamala.archidiecezja.wroc.pl\/index.php\/wp-json\/wp\/v2\/types\/page"}],"author":[{"embeddable":true,"href":"http:\/\/www.ligotamala.archidiecezja.wroc.pl\/index.php\/wp-json\/wp\/v2\/users\/123457"}],"replies":[{"embeddable":true,"href":"http:\/\/www.ligotamala.archidiecezja.wroc.pl\/index.php\/wp-json\/wp\/v2\/comments?post=857"}],"version-history":[{"count":3,"href":"http:\/\/www.ligotamala.archidiecezja.wroc.pl\/index.php\/wp-json\/wp\/v2\/pages\/857\/revisions"}],"predecessor-version":[{"id":878,"href":"http:\/\/www.ligotamala.archidiecezja.wroc.pl\/index.php\/wp-json\/wp\/v2\/pages\/857\/revisions\/878"}],"wp:attachment":[{"href":"http:\/\/www.ligotamala.archidiecezja.wroc.pl\/index.php\/wp-json\/wp\/v2\/media?parent=857"}],"curies":[{"name":"wp","href":"https:\/\/api.w.org\/{rel}","templated":true}]}}